{"id":14586,"date":"2017-01-25T16:32:26","date_gmt":"2017-01-25T15:32:26","guid":{"rendered":"https:\/\/www.miottisrl.com\/co-design\/"},"modified":"2023-12-13T11:21:25","modified_gmt":"2023-12-13T10:21:25","slug":"co-design","status":"publish","type":"page","link":"https:\/\/www.miottisrl.com\/fr\/co-design\/","title":{"rendered":"Co-Design"},"content":{"rendered":"","protected":false},"excerpt":{"rendered":"","protected":false},"author":1,"featured_media":0,"parent":0,"menu_order":0,"comment_status":"closed","ping_status":"closed","template":"","meta":{"_acf_changed":false,"footnotes":""},"acf":[],"yoast_head":"<!-- This site is optimized with the Yoast SEO plugin v24.5 - https:\/\/yoast.com\/wordpress\/plugins\/seo\/ -->\n<title>Co-conception | Miotti<\/title>\n<meta name=\"description\" content=\"Miotti offre des solutions innovantes personnalis\u00e9es en mesure de r\u00e9pondre \u00e0 toutes les demandes du client. En savoir plus !\" \/>\n<meta name=\"robots\" content=\"index, follow, max-snippet:-1, max-image-preview:large, max-video-preview:-1\" \/>\n<link rel=\"canonical\" href=\"https:\/\/www.miottisrl.com\/fr\/co-design\/\" \/>\n<meta property=\"og:locale\" content=\"fr_FR\" \/>\n<meta property=\"og:type\" content=\"article\" \/>\n<meta property=\"og:title\" content=\"Co-conception | Miotti\" \/>\n<meta property=\"og:description\" content=\"Miotti offre des solutions innovantes personnalis\u00e9es en mesure de r\u00e9pondre \u00e0 toutes les demandes du client. En savoir plus !\" \/>\n<meta property=\"og:url\" content=\"https:\/\/www.miottisrl.com\/fr\/co-design\/\" \/>\n<meta property=\"og:site_name\" content=\"Miotti\" \/>\n<meta property=\"article:modified_time\" content=\"2023-12-13T10:21:25+00:00\" \/>\n<meta name=\"twitter:card\" content=\"summary_large_image\" \/>\n<script type=\"application\/ld+json\" class=\"yoast-schema-graph\">{\"@context\":\"https:\/\/schema.org\",\"@graph\":[{\"@type\":\"WebPage\",\"@id\":\"https:\/\/www.miottisrl.com\/fr\/co-design\/\",\"url\":\"https:\/\/www.miottisrl.com\/fr\/co-design\/\",\"name\":\"Co-conception | Miotti\",\"isPartOf\":{\"@id\":\"https:\/\/www.miottisrl.com\/#website\"},\"datePublished\":\"2017-01-25T15:32:26+00:00\",\"dateModified\":\"2023-12-13T10:21:25+00:00\",\"description\":\"Miotti offre des solutions innovantes personnalis\u00e9es en mesure de r\u00e9pondre \u00e0 toutes les demandes du client. En savoir plus !\",\"breadcrumb\":{\"@id\":\"https:\/\/www.miottisrl.com\/fr\/co-design\/#breadcrumb\"},\"inLanguage\":\"fr-FR\",\"potentialAction\":[{\"@type\":\"ReadAction\",\"target\":[\"https:\/\/www.miottisrl.com\/fr\/co-design\/\"]}]},{\"@type\":\"BreadcrumbList\",\"@id\":\"https:\/\/www.miottisrl.com\/fr\/co-design\/#breadcrumb\",\"itemListElement\":[{\"@type\":\"ListItem\",\"position\":1,\"name\":\"Home\",\"item\":\"https:\/\/www.miottisrl.com\/fr\/\"},{\"@type\":\"ListItem\",\"position\":2,\"name\":\"Co-Design\"}]},{\"@type\":\"WebSite\",\"@id\":\"https:\/\/www.miottisrl.com\/#website\",\"url\":\"https:\/\/www.miottisrl.com\/\",\"name\":\"Miotti\",\"description\":\"\",\"potentialAction\":[{\"@type\":\"SearchAction\",\"target\":{\"@type\":\"EntryPoint\",\"urlTemplate\":\"https:\/\/www.miottisrl.com\/?s={search_term_string}\"},\"query-input\":{\"@type\":\"PropertyValueSpecification\",\"valueRequired\":true,\"valueName\":\"search_term_string\"}}],\"inLanguage\":\"fr-FR\"}]}<\/script>\n<!-- \/ Yoast SEO plugin. -->","yoast_head_json":{"title":"Co-conception | Miotti","description":"Miotti offre des solutions innovantes personnalis\u00e9es en mesure de r\u00e9pondre \u00e0 toutes les demandes du client. En savoir plus !","robots":{"index":"index","follow":"follow","max-snippet":"max-snippet:-1","max-image-preview":"max-image-preview:large","max-video-preview":"max-video-preview:-1"},"canonical":"https:\/\/www.miottisrl.com\/fr\/co-design\/","og_locale":"fr_FR","og_type":"article","og_title":"Co-conception | Miotti","og_description":"Miotti offre des solutions innovantes personnalis\u00e9es en mesure de r\u00e9pondre \u00e0 toutes les demandes du client. En savoir plus !","og_url":"https:\/\/www.miottisrl.com\/fr\/co-design\/","og_site_name":"Miotti","article_modified_time":"2023-12-13T10:21:25+00:00","twitter_card":"summary_large_image","schema":{"@context":"https:\/\/schema.org","@graph":[{"@type":"WebPage","@id":"https:\/\/www.miottisrl.com\/fr\/co-design\/","url":"https:\/\/www.miottisrl.com\/fr\/co-design\/","name":"Co-conception | Miotti","isPartOf":{"@id":"https:\/\/www.miottisrl.com\/#website"},"datePublished":"2017-01-25T15:32:26+00:00","dateModified":"2023-12-13T10:21:25+00:00","description":"Miotti offre des solutions innovantes personnalis\u00e9es en mesure de r\u00e9pondre \u00e0 toutes les demandes du client. En savoir plus !","breadcrumb":{"@id":"https:\/\/www.miottisrl.com\/fr\/co-design\/#breadcrumb"},"inLanguage":"fr-FR","potentialAction":[{"@type":"ReadAction","target":["https:\/\/www.miottisrl.com\/fr\/co-design\/"]}]},{"@type":"BreadcrumbList","@id":"https:\/\/www.miottisrl.com\/fr\/co-design\/#breadcrumb","itemListElement":[{"@type":"ListItem","position":1,"name":"Home","item":"https:\/\/www.miottisrl.com\/fr\/"},{"@type":"ListItem","position":2,"name":"Co-Design"}]},{"@type":"WebSite","@id":"https:\/\/www.miottisrl.com\/#website","url":"https:\/\/www.miottisrl.com\/","name":"Miotti","description":"","potentialAction":[{"@type":"SearchAction","target":{"@type":"EntryPoint","urlTemplate":"https:\/\/www.miottisrl.com\/?s={search_term_string}"},"query-input":{"@type":"PropertyValueSpecification","valueRequired":true,"valueName":"search_term_string"}}],"inLanguage":"fr-FR"}]}},"_links":{"self":[{"href":"https:\/\/www.miottisrl.com\/fr\/wp-json\/wp\/v2\/pages\/14586"}],"collection":[{"href":"https:\/\/www.miottisrl.com\/fr\/wp-json\/wp\/v2\/pages"}],"about":[{"href":"https:\/\/www.miottisrl.com\/fr\/wp-json\/wp\/v2\/types\/page"}],"author":[{"embeddable":true,"href":"https:\/\/www.miottisrl.com\/fr\/wp-json\/wp\/v2\/users\/1"}],"replies":[{"embeddable":true,"href":"https:\/\/www.miottisrl.com\/fr\/wp-json\/wp\/v2\/comments?post=14586"}],"version-history":[{"count":1,"href":"https:\/\/www.miottisrl.com\/fr\/wp-json\/wp\/v2\/pages\/14586\/revisions"}],"predecessor-version":[{"id":14588,"href":"https:\/\/www.miottisrl.com\/fr\/wp-json\/wp\/v2\/pages\/14586\/revisions\/14588"}],"wp:attachment":[{"href":"https:\/\/www.miottisrl.com\/fr\/wp-json\/wp\/v2\/media?parent=14586"}],"curies":[{"name":"wp","href":"https:\/\/api.w.org\/{rel}","templated":true}]}}