{"id":4102,"date":"2017-01-23T17:20:30","date_gmt":"2017-01-23T16:20:30","guid":{"rendered":"https:\/\/www.miottisrl.com\/magazzino-e-spedizioni\/"},"modified":"2017-09-13T14:20:43","modified_gmt":"2017-09-13T12:20:43","slug":"skladiste-i-spedicija","status":"publish","type":"page","link":"https:\/\/www.miottisrl.com\/hr\/skladiste-i-spedicija\/","title":{"rendered":"Skladi\u0161te i \u0161pedicija"},"content":{"rendered":"","protected":false},"excerpt":{"rendered":"","protected":false},"author":1,"featured_media":0,"parent":0,"menu_order":0,"comment_status":"closed","ping_status":"closed","template":"","meta":{"_acf_changed":false,"footnotes":""},"acf":[],"yoast_head":"<!-- This site is optimized with the Yoast SEO plugin v24.5 - https:\/\/yoast.com\/wordpress\/plugins\/seo\/ -->\n<title>Skladi\u0161te i \u0161pedicija | Miotti<\/title>\n<meta name=\"description\" content=\"U na\u0161em skladi\u0161tu nalazi se \u0161iroki asortiman proizvoda visoke kvalitete koji klijentima jam\u010di trenutnu dostupnost dijelova. Otkrijte vi\u0161e!\" \/>\n<meta name=\"robots\" content=\"index, follow, max-snippet:-1, max-image-preview:large, max-video-preview:-1\" \/>\n<link rel=\"canonical\" href=\"https:\/\/www.miottisrl.com\/hr\/skladiste-i-spedicija\/\" \/>\n<meta property=\"og:locale\" content=\"hr_HR\" \/>\n<meta property=\"og:type\" content=\"article\" \/>\n<meta property=\"og:title\" content=\"Skladi\u0161te i \u0161pedicija | Miotti\" \/>\n<meta property=\"og:description\" content=\"U na\u0161em skladi\u0161tu nalazi se \u0161iroki asortiman proizvoda visoke kvalitete koji klijentima jam\u010di trenutnu dostupnost dijelova. Otkrijte vi\u0161e!\" \/>\n<meta property=\"og:url\" content=\"https:\/\/www.miottisrl.com\/hr\/skladiste-i-spedicija\/\" \/>\n<meta property=\"og:site_name\" content=\"Miotti\" \/>\n<meta property=\"article:modified_time\" content=\"2017-09-13T12:20:43+00:00\" \/>\n<meta name=\"twitter:card\" content=\"summary_large_image\" \/>\n<script type=\"application\/ld+json\" class=\"yoast-schema-graph\">{\"@context\":\"https:\/\/schema.org\",\"@graph\":[{\"@type\":\"WebPage\",\"@id\":\"https:\/\/www.miottisrl.com\/hr\/skladiste-i-spedicija\/\",\"url\":\"https:\/\/www.miottisrl.com\/hr\/skladiste-i-spedicija\/\",\"name\":\"Skladi\u0161te i \u0161pedicija | Miotti\",\"isPartOf\":{\"@id\":\"https:\/\/www.miottisrl.com\/#website\"},\"datePublished\":\"2017-01-23T16:20:30+00:00\",\"dateModified\":\"2017-09-13T12:20:43+00:00\",\"description\":\"U na\u0161em skladi\u0161tu nalazi se \u0161iroki asortiman proizvoda visoke kvalitete koji klijentima jam\u010di trenutnu dostupnost dijelova. Otkrijte vi\u0161e!\",\"breadcrumb\":{\"@id\":\"https:\/\/www.miottisrl.com\/hr\/skladiste-i-spedicija\/#breadcrumb\"},\"inLanguage\":\"hr\",\"potentialAction\":[{\"@type\":\"ReadAction\",\"target\":[\"https:\/\/www.miottisrl.com\/hr\/skladiste-i-spedicija\/\"]}]},{\"@type\":\"BreadcrumbList\",\"@id\":\"https:\/\/www.miottisrl.com\/hr\/skladiste-i-spedicija\/#breadcrumb\",\"itemListElement\":[{\"@type\":\"ListItem\",\"position\":1,\"name\":\"Home\",\"item\":\"https:\/\/www.miottisrl.com\/hr\/\"},{\"@type\":\"ListItem\",\"position\":2,\"name\":\"Skladi\u0161te i \u0161pedicija\"}]},{\"@type\":\"WebSite\",\"@id\":\"https:\/\/www.miottisrl.com\/#website\",\"url\":\"https:\/\/www.miottisrl.com\/\",\"name\":\"Miotti\",\"description\":\"\",\"potentialAction\":[{\"@type\":\"SearchAction\",\"target\":{\"@type\":\"EntryPoint\",\"urlTemplate\":\"https:\/\/www.miottisrl.com\/?s={search_term_string}\"},\"query-input\":{\"@type\":\"PropertyValueSpecification\",\"valueRequired\":true,\"valueName\":\"search_term_string\"}}],\"inLanguage\":\"hr\"}]}<\/script>\n<!-- \/ Yoast SEO plugin. -->","yoast_head_json":{"title":"Skladi\u0161te i \u0161pedicija | Miotti","description":"U na\u0161em skladi\u0161tu nalazi se \u0161iroki asortiman proizvoda visoke kvalitete koji klijentima jam\u010di trenutnu dostupnost dijelova. Otkrijte vi\u0161e!","robots":{"index":"index","follow":"follow","max-snippet":"max-snippet:-1","max-image-preview":"max-image-preview:large","max-video-preview":"max-video-preview:-1"},"canonical":"https:\/\/www.miottisrl.com\/hr\/skladiste-i-spedicija\/","og_locale":"hr_HR","og_type":"article","og_title":"Skladi\u0161te i \u0161pedicija | Miotti","og_description":"U na\u0161em skladi\u0161tu nalazi se \u0161iroki asortiman proizvoda visoke kvalitete koji klijentima jam\u010di trenutnu dostupnost dijelova. Otkrijte vi\u0161e!","og_url":"https:\/\/www.miottisrl.com\/hr\/skladiste-i-spedicija\/","og_site_name":"Miotti","article_modified_time":"2017-09-13T12:20:43+00:00","twitter_card":"summary_large_image","schema":{"@context":"https:\/\/schema.org","@graph":[{"@type":"WebPage","@id":"https:\/\/www.miottisrl.com\/hr\/skladiste-i-spedicija\/","url":"https:\/\/www.miottisrl.com\/hr\/skladiste-i-spedicija\/","name":"Skladi\u0161te i \u0161pedicija | Miotti","isPartOf":{"@id":"https:\/\/www.miottisrl.com\/#website"},"datePublished":"2017-01-23T16:20:30+00:00","dateModified":"2017-09-13T12:20:43+00:00","description":"U na\u0161em skladi\u0161tu nalazi se \u0161iroki asortiman proizvoda visoke kvalitete koji klijentima jam\u010di trenutnu dostupnost dijelova. Otkrijte vi\u0161e!","breadcrumb":{"@id":"https:\/\/www.miottisrl.com\/hr\/skladiste-i-spedicija\/#breadcrumb"},"inLanguage":"hr","potentialAction":[{"@type":"ReadAction","target":["https:\/\/www.miottisrl.com\/hr\/skladiste-i-spedicija\/"]}]},{"@type":"BreadcrumbList","@id":"https:\/\/www.miottisrl.com\/hr\/skladiste-i-spedicija\/#breadcrumb","itemListElement":[{"@type":"ListItem","position":1,"name":"Home","item":"https:\/\/www.miottisrl.com\/hr\/"},{"@type":"ListItem","position":2,"name":"Skladi\u0161te i \u0161pedicija"}]},{"@type":"WebSite","@id":"https:\/\/www.miottisrl.com\/#website","url":"https:\/\/www.miottisrl.com\/","name":"Miotti","description":"","potentialAction":[{"@type":"SearchAction","target":{"@type":"EntryPoint","urlTemplate":"https:\/\/www.miottisrl.com\/?s={search_term_string}"},"query-input":{"@type":"PropertyValueSpecification","valueRequired":true,"valueName":"search_term_string"}}],"inLanguage":"hr"}]}},"_links":{"self":[{"href":"https:\/\/www.miottisrl.com\/hr\/wp-json\/wp\/v2\/pages\/4102"}],"collection":[{"href":"https:\/\/www.miottisrl.com\/hr\/wp-json\/wp\/v2\/pages"}],"about":[{"href":"https:\/\/www.miottisrl.com\/hr\/wp-json\/wp\/v2\/types\/page"}],"author":[{"embeddable":true,"href":"https:\/\/www.miottisrl.com\/hr\/wp-json\/wp\/v2\/users\/1"}],"replies":[{"embeddable":true,"href":"https:\/\/www.miottisrl.com\/hr\/wp-json\/wp\/v2\/comments?post=4102"}],"version-history":[{"count":2,"href":"https:\/\/www.miottisrl.com\/hr\/wp-json\/wp\/v2\/pages\/4102\/revisions"}],"predecessor-version":[{"id":5297,"href":"https:\/\/www.miottisrl.com\/hr\/wp-json\/wp\/v2\/pages\/4102\/revisions\/5297"}],"wp:attachment":[{"href":"https:\/\/www.miottisrl.com\/hr\/wp-json\/wp\/v2\/media?parent=4102"}],"curies":[{"name":"wp","href":"https:\/\/api.w.org\/{rel}","templated":true}]}}