{"id":4724,"date":"2016-11-24T17:17:31","date_gmt":"2016-11-24T16:17:31","guid":{"rendered":"https:\/\/www.miottisrl.com\/chi-siamo\/"},"modified":"2017-09-13T09:28:34","modified_gmt":"2017-09-13T07:28:34","slug":"o-nas","status":"publish","type":"page","link":"https:\/\/www.miottisrl.com\/pl\/o-nas\/","title":{"rendered":"O Nas"},"content":{"rendered":"","protected":false},"excerpt":{"rendered":"","protected":false},"author":1,"featured_media":0,"parent":0,"menu_order":0,"comment_status":"closed","ping_status":"closed","template":"","meta":{"_acf_changed":false,"footnotes":""},"acf":[],"yoast_head":"<!-- This site is optimized with the Yoast SEO plugin v24.5 - https:\/\/yoast.com\/wordpress\/plugins\/seo\/ -->\n<title>O Nas | Miotti<\/title>\n<meta name=\"description\" content=\"Od 1952 selekcjonujemy nowoczesne produkty i rozwi\u0105zania do rozwoju bran\u017cy urz\u0105dze\u0144 elektrycznych dzi\u015b i jutro. Przeczytaj nasz\u0105 histori\u0119!\" \/>\n<meta name=\"robots\" content=\"index, follow, max-snippet:-1, max-image-preview:large, max-video-preview:-1\" \/>\n<link rel=\"canonical\" href=\"https:\/\/www.miottisrl.com\/pl\/o-nas\/\" \/>\n<meta property=\"og:locale\" content=\"pl_PL\" \/>\n<meta property=\"og:type\" content=\"article\" \/>\n<meta property=\"og:title\" content=\"O Nas | Miotti\" \/>\n<meta property=\"og:description\" content=\"Od 1952 selekcjonujemy nowoczesne produkty i rozwi\u0105zania do rozwoju bran\u017cy urz\u0105dze\u0144 elektrycznych dzi\u015b i jutro. Przeczytaj nasz\u0105 histori\u0119!\" \/>\n<meta property=\"og:url\" content=\"https:\/\/www.miottisrl.com\/pl\/o-nas\/\" \/>\n<meta property=\"og:site_name\" content=\"Miotti\" \/>\n<meta property=\"article:modified_time\" content=\"2017-09-13T07:28:34+00:00\" \/>\n<meta name=\"twitter:card\" content=\"summary_large_image\" \/>\n<script type=\"application\/ld+json\" class=\"yoast-schema-graph\">{\"@context\":\"https:\/\/schema.org\",\"@graph\":[{\"@type\":\"WebPage\",\"@id\":\"https:\/\/www.miottisrl.com\/pl\/o-nas\/\",\"url\":\"https:\/\/www.miottisrl.com\/pl\/o-nas\/\",\"name\":\"O Nas | Miotti\",\"isPartOf\":{\"@id\":\"https:\/\/www.miottisrl.com\/#website\"},\"datePublished\":\"2016-11-24T16:17:31+00:00\",\"dateModified\":\"2017-09-13T07:28:34+00:00\",\"description\":\"Od 1952 selekcjonujemy nowoczesne produkty i rozwi\u0105zania do rozwoju bran\u017cy urz\u0105dze\u0144 elektrycznych dzi\u015b i jutro. Przeczytaj nasz\u0105 histori\u0119!\",\"breadcrumb\":{\"@id\":\"https:\/\/www.miottisrl.com\/pl\/o-nas\/#breadcrumb\"},\"inLanguage\":\"pl-PL\",\"potentialAction\":[{\"@type\":\"ReadAction\",\"target\":[\"https:\/\/www.miottisrl.com\/pl\/o-nas\/\"]}]},{\"@type\":\"BreadcrumbList\",\"@id\":\"https:\/\/www.miottisrl.com\/pl\/o-nas\/#breadcrumb\",\"itemListElement\":[{\"@type\":\"ListItem\",\"position\":1,\"name\":\"Home\",\"item\":\"https:\/\/www.miottisrl.com\/pl\/\"},{\"@type\":\"ListItem\",\"position\":2,\"name\":\"O Nas\"}]},{\"@type\":\"WebSite\",\"@id\":\"https:\/\/www.miottisrl.com\/#website\",\"url\":\"https:\/\/www.miottisrl.com\/\",\"name\":\"Miotti\",\"description\":\"\",\"potentialAction\":[{\"@type\":\"SearchAction\",\"target\":{\"@type\":\"EntryPoint\",\"urlTemplate\":\"https:\/\/www.miottisrl.com\/?s={search_term_string}\"},\"query-input\":{\"@type\":\"PropertyValueSpecification\",\"valueRequired\":true,\"valueName\":\"search_term_string\"}}],\"inLanguage\":\"pl-PL\"}]}<\/script>\n<!-- \/ Yoast SEO plugin. -->","yoast_head_json":{"title":"O Nas | Miotti","description":"Od 1952 selekcjonujemy nowoczesne produkty i rozwi\u0105zania do rozwoju bran\u017cy urz\u0105dze\u0144 elektrycznych dzi\u015b i jutro. Przeczytaj nasz\u0105 histori\u0119!","robots":{"index":"index","follow":"follow","max-snippet":"max-snippet:-1","max-image-preview":"max-image-preview:large","max-video-preview":"max-video-preview:-1"},"canonical":"https:\/\/www.miottisrl.com\/pl\/o-nas\/","og_locale":"pl_PL","og_type":"article","og_title":"O Nas | Miotti","og_description":"Od 1952 selekcjonujemy nowoczesne produkty i rozwi\u0105zania do rozwoju bran\u017cy urz\u0105dze\u0144 elektrycznych dzi\u015b i jutro. Przeczytaj nasz\u0105 histori\u0119!","og_url":"https:\/\/www.miottisrl.com\/pl\/o-nas\/","og_site_name":"Miotti","article_modified_time":"2017-09-13T07:28:34+00:00","twitter_card":"summary_large_image","schema":{"@context":"https:\/\/schema.org","@graph":[{"@type":"WebPage","@id":"https:\/\/www.miottisrl.com\/pl\/o-nas\/","url":"https:\/\/www.miottisrl.com\/pl\/o-nas\/","name":"O Nas | Miotti","isPartOf":{"@id":"https:\/\/www.miottisrl.com\/#website"},"datePublished":"2016-11-24T16:17:31+00:00","dateModified":"2017-09-13T07:28:34+00:00","description":"Od 1952 selekcjonujemy nowoczesne produkty i rozwi\u0105zania do rozwoju bran\u017cy urz\u0105dze\u0144 elektrycznych dzi\u015b i jutro. Przeczytaj nasz\u0105 histori\u0119!","breadcrumb":{"@id":"https:\/\/www.miottisrl.com\/pl\/o-nas\/#breadcrumb"},"inLanguage":"pl-PL","potentialAction":[{"@type":"ReadAction","target":["https:\/\/www.miottisrl.com\/pl\/o-nas\/"]}]},{"@type":"BreadcrumbList","@id":"https:\/\/www.miottisrl.com\/pl\/o-nas\/#breadcrumb","itemListElement":[{"@type":"ListItem","position":1,"name":"Home","item":"https:\/\/www.miottisrl.com\/pl\/"},{"@type":"ListItem","position":2,"name":"O Nas"}]},{"@type":"WebSite","@id":"https:\/\/www.miottisrl.com\/#website","url":"https:\/\/www.miottisrl.com\/","name":"Miotti","description":"","potentialAction":[{"@type":"SearchAction","target":{"@type":"EntryPoint","urlTemplate":"https:\/\/www.miottisrl.com\/?s={search_term_string}"},"query-input":{"@type":"PropertyValueSpecification","valueRequired":true,"valueName":"search_term_string"}}],"inLanguage":"pl-PL"}]}},"_links":{"self":[{"href":"https:\/\/www.miottisrl.com\/pl\/wp-json\/wp\/v2\/pages\/4724"}],"collection":[{"href":"https:\/\/www.miottisrl.com\/pl\/wp-json\/wp\/v2\/pages"}],"about":[{"href":"https:\/\/www.miottisrl.com\/pl\/wp-json\/wp\/v2\/types\/page"}],"author":[{"embeddable":true,"href":"https:\/\/www.miottisrl.com\/pl\/wp-json\/wp\/v2\/users\/1"}],"replies":[{"embeddable":true,"href":"https:\/\/www.miottisrl.com\/pl\/wp-json\/wp\/v2\/comments?post=4724"}],"version-history":[{"count":2,"href":"https:\/\/www.miottisrl.com\/pl\/wp-json\/wp\/v2\/pages\/4724\/revisions"}],"predecessor-version":[{"id":5273,"href":"https:\/\/www.miottisrl.com\/pl\/wp-json\/wp\/v2\/pages\/4724\/revisions\/5273"}],"wp:attachment":[{"href":"https:\/\/www.miottisrl.com\/pl\/wp-json\/wp\/v2\/media?parent=4724"}],"curies":[{"name":"wp","href":"https:\/\/api.w.org\/{rel}","templated":true}]}}