{"id":4733,"date":"2016-04-12T10:09:16","date_gmt":"2016-04-12T08:09:16","guid":{"rendered":"https:\/\/www.miottisrl.com\/homepage\/"},"modified":"2024-10-30T15:41:43","modified_gmt":"2024-10-30T14:41:43","slug":"homepage-2","status":"publish","type":"page","link":"https:\/\/www.miottisrl.com\/pl\/","title":{"rendered":"Homepage"},"content":{"rendered":"","protected":false},"excerpt":{"rendered":"","protected":false},"author":1,"featured_media":0,"parent":0,"menu_order":0,"comment_status":"closed","ping_status":"open","template":"template-homepage.php","meta":{"_acf_changed":false,"footnotes":""},"acf":[],"yoast_head":"<!-- This site is optimized with the Yoast SEO plugin v24.5 - https:\/\/yoast.com\/wordpress\/plugins\/seo\/ -->\n<title>Miotti | Komponenty do Silnik\u00f3w Elektrycznych<\/title>\n<meta name=\"description\" content=\"Dobieramy komponenty i nowoczesne rozwi\u0105zania do Silnik\u00f3w Elektrycznych. Odkryj nasze ograniczniki temperatury, magnesy trwa\u0142e, \u017cywice\u2026\" \/>\n<meta name=\"robots\" content=\"index, follow, max-snippet:-1, max-image-preview:large, max-video-preview:-1\" \/>\n<link rel=\"canonical\" href=\"https:\/\/www.miottisrl.com\/pl\/\" \/>\n<meta property=\"og:locale\" content=\"pl_PL\" \/>\n<meta property=\"og:type\" content=\"article\" \/>\n<meta property=\"og:title\" content=\"Miotti | Komponenty do Silnik\u00f3w Elektrycznych\" \/>\n<meta property=\"og:description\" content=\"Dobieramy komponenty i nowoczesne rozwi\u0105zania do Silnik\u00f3w Elektrycznych. Odkryj nasze ograniczniki temperatury, magnesy trwa\u0142e, \u017cywice\u2026\" \/>\n<meta property=\"og:url\" content=\"https:\/\/www.miottisrl.com\/pl\/\" \/>\n<meta property=\"og:site_name\" content=\"Miotti\" \/>\n<meta property=\"article:modified_time\" content=\"2024-10-30T14:41:43+00:00\" \/>\n<meta name=\"twitter:card\" content=\"summary_large_image\" \/>\n<script type=\"application\/ld+json\" class=\"yoast-schema-graph\">{\"@context\":\"https:\/\/schema.org\",\"@graph\":[{\"@type\":\"WebPage\",\"@id\":\"https:\/\/www.miottisrl.com\/pl\/\",\"url\":\"https:\/\/www.miottisrl.com\/pl\/\",\"name\":\"Miotti | Komponenty do Silnik\u00f3w Elektrycznych\",\"isPartOf\":{\"@id\":\"https:\/\/www.miottisrl.com\/#website\"},\"datePublished\":\"2016-04-12T08:09:16+00:00\",\"dateModified\":\"2024-10-30T14:41:43+00:00\",\"description\":\"Dobieramy komponenty i nowoczesne rozwi\u0105zania do Silnik\u00f3w Elektrycznych. Odkryj nasze ograniczniki temperatury, magnesy trwa\u0142e, \u017cywice\u2026\",\"breadcrumb\":{\"@id\":\"https:\/\/www.miottisrl.com\/pl\/#breadcrumb\"},\"inLanguage\":\"pl-PL\",\"potentialAction\":[{\"@type\":\"ReadAction\",\"target\":[\"https:\/\/www.miottisrl.com\/pl\/\"]}]},{\"@type\":\"BreadcrumbList\",\"@id\":\"https:\/\/www.miottisrl.com\/pl\/#breadcrumb\",\"itemListElement\":[{\"@type\":\"ListItem\",\"position\":1,\"name\":\"Home\",\"item\":\"https:\/\/www.miottisrl.com\/pl\/\"},{\"@type\":\"ListItem\",\"position\":2,\"name\":\"Homepage\"}]},{\"@type\":\"WebSite\",\"@id\":\"https:\/\/www.miottisrl.com\/#website\",\"url\":\"https:\/\/www.miottisrl.com\/\",\"name\":\"Miotti\",\"description\":\"\",\"potentialAction\":[{\"@type\":\"SearchAction\",\"target\":{\"@type\":\"EntryPoint\",\"urlTemplate\":\"https:\/\/www.miottisrl.com\/?s={search_term_string}\"},\"query-input\":{\"@type\":\"PropertyValueSpecification\",\"valueRequired\":true,\"valueName\":\"search_term_string\"}}],\"inLanguage\":\"pl-PL\"}]}<\/script>\n<!-- \/ Yoast SEO plugin. -->","yoast_head_json":{"title":"Miotti | Komponenty do Silnik\u00f3w Elektrycznych","description":"Dobieramy komponenty i nowoczesne rozwi\u0105zania do Silnik\u00f3w Elektrycznych. Odkryj nasze ograniczniki temperatury, magnesy trwa\u0142e, \u017cywice\u2026","robots":{"index":"index","follow":"follow","max-snippet":"max-snippet:-1","max-image-preview":"max-image-preview:large","max-video-preview":"max-video-preview:-1"},"canonical":"https:\/\/www.miottisrl.com\/pl\/","og_locale":"pl_PL","og_type":"article","og_title":"Miotti | Komponenty do Silnik\u00f3w Elektrycznych","og_description":"Dobieramy komponenty i nowoczesne rozwi\u0105zania do Silnik\u00f3w Elektrycznych. Odkryj nasze ograniczniki temperatury, magnesy trwa\u0142e, \u017cywice\u2026","og_url":"https:\/\/www.miottisrl.com\/pl\/","og_site_name":"Miotti","article_modified_time":"2024-10-30T14:41:43+00:00","twitter_card":"summary_large_image","schema":{"@context":"https:\/\/schema.org","@graph":[{"@type":"WebPage","@id":"https:\/\/www.miottisrl.com\/pl\/","url":"https:\/\/www.miottisrl.com\/pl\/","name":"Miotti | Komponenty do Silnik\u00f3w Elektrycznych","isPartOf":{"@id":"https:\/\/www.miottisrl.com\/#website"},"datePublished":"2016-04-12T08:09:16+00:00","dateModified":"2024-10-30T14:41:43+00:00","description":"Dobieramy komponenty i nowoczesne rozwi\u0105zania do Silnik\u00f3w Elektrycznych. Odkryj nasze ograniczniki temperatury, magnesy trwa\u0142e, \u017cywice\u2026","breadcrumb":{"@id":"https:\/\/www.miottisrl.com\/pl\/#breadcrumb"},"inLanguage":"pl-PL","potentialAction":[{"@type":"ReadAction","target":["https:\/\/www.miottisrl.com\/pl\/"]}]},{"@type":"BreadcrumbList","@id":"https:\/\/www.miottisrl.com\/pl\/#breadcrumb","itemListElement":[{"@type":"ListItem","position":1,"name":"Home","item":"https:\/\/www.miottisrl.com\/pl\/"},{"@type":"ListItem","position":2,"name":"Homepage"}]},{"@type":"WebSite","@id":"https:\/\/www.miottisrl.com\/#website","url":"https:\/\/www.miottisrl.com\/","name":"Miotti","description":"","potentialAction":[{"@type":"SearchAction","target":{"@type":"EntryPoint","urlTemplate":"https:\/\/www.miottisrl.com\/?s={search_term_string}"},"query-input":{"@type":"PropertyValueSpecification","valueRequired":true,"valueName":"search_term_string"}}],"inLanguage":"pl-PL"}]}},"_links":{"self":[{"href":"https:\/\/www.miottisrl.com\/pl\/wp-json\/wp\/v2\/pages\/4733"}],"collection":[{"href":"https:\/\/www.miottisrl.com\/pl\/wp-json\/wp\/v2\/pages"}],"about":[{"href":"https:\/\/www.miottisrl.com\/pl\/wp-json\/wp\/v2\/types\/page"}],"author":[{"embeddable":true,"href":"https:\/\/www.miottisrl.com\/pl\/wp-json\/wp\/v2\/users\/1"}],"replies":[{"embeddable":true,"href":"https:\/\/www.miottisrl.com\/pl\/wp-json\/wp\/v2\/comments?post=4733"}],"version-history":[{"count":9,"href":"https:\/\/www.miottisrl.com\/pl\/wp-json\/wp\/v2\/pages\/4733\/revisions"}],"predecessor-version":[{"id":16315,"href":"https:\/\/www.miottisrl.com\/pl\/wp-json\/wp\/v2\/pages\/4733\/revisions\/16315"}],"wp:attachment":[{"href":"https:\/\/www.miottisrl.com\/pl\/wp-json\/wp\/v2\/media?parent=4733"}],"curies":[{"name":"wp","href":"https:\/\/api.w.org\/{rel}","templated":true}]}}