{"id":4742,"date":"2016-11-24T17:18:03","date_gmt":"2016-11-24T16:18:03","guid":{"rendered":"https:\/\/www.miottisrl.com\/lavora-con-noi\/"},"modified":"2017-09-13T10:43:04","modified_gmt":"2017-09-13T08:43:04","slug":"praca","status":"publish","type":"page","link":"https:\/\/www.miottisrl.com\/pl\/praca\/","title":{"rendered":"Praca"},"content":{"rendered":"","protected":false},"excerpt":{"rendered":"","protected":false},"author":1,"featured_media":0,"parent":0,"menu_order":0,"comment_status":"closed","ping_status":"closed","template":"template-lavoraconnoi.php","meta":{"_acf_changed":false,"footnotes":""},"acf":[],"yoast_head":"<!-- This site is optimized with the Yoast SEO plugin v24.5 - https:\/\/yoast.com\/wordpress\/plugins\/seo\/ -->\n<title>Praca | Miotti<\/title>\n<meta name=\"description\" content=\"Szukasz pracy? Odkryj, czy Miotti to rozwi\u0105zanie dla Ciebie! Odkryj jak wys\u0142a\u0107 aplikacj\u0119.\" \/>\n<meta name=\"robots\" content=\"index, follow, max-snippet:-1, max-image-preview:large, max-video-preview:-1\" \/>\n<link rel=\"canonical\" href=\"https:\/\/www.miottisrl.com\/pl\/praca\/\" \/>\n<meta property=\"og:locale\" content=\"pl_PL\" \/>\n<meta property=\"og:type\" content=\"article\" \/>\n<meta property=\"og:title\" content=\"Praca | Miotti\" \/>\n<meta property=\"og:description\" content=\"Szukasz pracy? Odkryj, czy Miotti to rozwi\u0105zanie dla Ciebie! Odkryj jak wys\u0142a\u0107 aplikacj\u0119.\" \/>\n<meta property=\"og:url\" content=\"https:\/\/www.miottisrl.com\/pl\/praca\/\" \/>\n<meta property=\"og:site_name\" content=\"Miotti\" \/>\n<meta property=\"article:modified_time\" content=\"2017-09-13T08:43:04+00:00\" \/>\n<meta name=\"twitter:card\" content=\"summary_large_image\" \/>\n<script type=\"application\/ld+json\" class=\"yoast-schema-graph\">{\"@context\":\"https:\/\/schema.org\",\"@graph\":[{\"@type\":\"WebPage\",\"@id\":\"https:\/\/www.miottisrl.com\/pl\/praca\/\",\"url\":\"https:\/\/www.miottisrl.com\/pl\/praca\/\",\"name\":\"Praca | Miotti\",\"isPartOf\":{\"@id\":\"https:\/\/www.miottisrl.com\/#website\"},\"datePublished\":\"2016-11-24T16:18:03+00:00\",\"dateModified\":\"2017-09-13T08:43:04+00:00\",\"description\":\"Szukasz pracy? Odkryj, czy Miotti to rozwi\u0105zanie dla Ciebie! Odkryj jak wys\u0142a\u0107 aplikacj\u0119.\",\"breadcrumb\":{\"@id\":\"https:\/\/www.miottisrl.com\/pl\/praca\/#breadcrumb\"},\"inLanguage\":\"pl-PL\",\"potentialAction\":[{\"@type\":\"ReadAction\",\"target\":[\"https:\/\/www.miottisrl.com\/pl\/praca\/\"]}]},{\"@type\":\"BreadcrumbList\",\"@id\":\"https:\/\/www.miottisrl.com\/pl\/praca\/#breadcrumb\",\"itemListElement\":[{\"@type\":\"ListItem\",\"position\":1,\"name\":\"Home\",\"item\":\"https:\/\/www.miottisrl.com\/pl\/\"},{\"@type\":\"ListItem\",\"position\":2,\"name\":\"Praca\"}]},{\"@type\":\"WebSite\",\"@id\":\"https:\/\/www.miottisrl.com\/#website\",\"url\":\"https:\/\/www.miottisrl.com\/\",\"name\":\"Miotti\",\"description\":\"\",\"potentialAction\":[{\"@type\":\"SearchAction\",\"target\":{\"@type\":\"EntryPoint\",\"urlTemplate\":\"https:\/\/www.miottisrl.com\/?s={search_term_string}\"},\"query-input\":{\"@type\":\"PropertyValueSpecification\",\"valueRequired\":true,\"valueName\":\"search_term_string\"}}],\"inLanguage\":\"pl-PL\"}]}<\/script>\n<!-- \/ Yoast SEO plugin. -->","yoast_head_json":{"title":"Praca | Miotti","description":"Szukasz pracy? Odkryj, czy Miotti to rozwi\u0105zanie dla Ciebie! Odkryj jak wys\u0142a\u0107 aplikacj\u0119.","robots":{"index":"index","follow":"follow","max-snippet":"max-snippet:-1","max-image-preview":"max-image-preview:large","max-video-preview":"max-video-preview:-1"},"canonical":"https:\/\/www.miottisrl.com\/pl\/praca\/","og_locale":"pl_PL","og_type":"article","og_title":"Praca | Miotti","og_description":"Szukasz pracy? Odkryj, czy Miotti to rozwi\u0105zanie dla Ciebie! Odkryj jak wys\u0142a\u0107 aplikacj\u0119.","og_url":"https:\/\/www.miottisrl.com\/pl\/praca\/","og_site_name":"Miotti","article_modified_time":"2017-09-13T08:43:04+00:00","twitter_card":"summary_large_image","schema":{"@context":"https:\/\/schema.org","@graph":[{"@type":"WebPage","@id":"https:\/\/www.miottisrl.com\/pl\/praca\/","url":"https:\/\/www.miottisrl.com\/pl\/praca\/","name":"Praca | Miotti","isPartOf":{"@id":"https:\/\/www.miottisrl.com\/#website"},"datePublished":"2016-11-24T16:18:03+00:00","dateModified":"2017-09-13T08:43:04+00:00","description":"Szukasz pracy? Odkryj, czy Miotti to rozwi\u0105zanie dla Ciebie! Odkryj jak wys\u0142a\u0107 aplikacj\u0119.","breadcrumb":{"@id":"https:\/\/www.miottisrl.com\/pl\/praca\/#breadcrumb"},"inLanguage":"pl-PL","potentialAction":[{"@type":"ReadAction","target":["https:\/\/www.miottisrl.com\/pl\/praca\/"]}]},{"@type":"BreadcrumbList","@id":"https:\/\/www.miottisrl.com\/pl\/praca\/#breadcrumb","itemListElement":[{"@type":"ListItem","position":1,"name":"Home","item":"https:\/\/www.miottisrl.com\/pl\/"},{"@type":"ListItem","position":2,"name":"Praca"}]},{"@type":"WebSite","@id":"https:\/\/www.miottisrl.com\/#website","url":"https:\/\/www.miottisrl.com\/","name":"Miotti","description":"","potentialAction":[{"@type":"SearchAction","target":{"@type":"EntryPoint","urlTemplate":"https:\/\/www.miottisrl.com\/?s={search_term_string}"},"query-input":{"@type":"PropertyValueSpecification","valueRequired":true,"valueName":"search_term_string"}}],"inLanguage":"pl-PL"}]}},"_links":{"self":[{"href":"https:\/\/www.miottisrl.com\/pl\/wp-json\/wp\/v2\/pages\/4742"}],"collection":[{"href":"https:\/\/www.miottisrl.com\/pl\/wp-json\/wp\/v2\/pages"}],"about":[{"href":"https:\/\/www.miottisrl.com\/pl\/wp-json\/wp\/v2\/types\/page"}],"author":[{"embeddable":true,"href":"https:\/\/www.miottisrl.com\/pl\/wp-json\/wp\/v2\/users\/1"}],"replies":[{"embeddable":true,"href":"https:\/\/www.miottisrl.com\/pl\/wp-json\/wp\/v2\/comments?post=4742"}],"version-history":[{"count":3,"href":"https:\/\/www.miottisrl.com\/pl\/wp-json\/wp\/v2\/pages\/4742\/revisions"}],"predecessor-version":[{"id":5282,"href":"https:\/\/www.miottisrl.com\/pl\/wp-json\/wp\/v2\/pages\/4742\/revisions\/5282"}],"wp:attachment":[{"href":"https:\/\/www.miottisrl.com\/pl\/wp-json\/wp\/v2\/media?parent=4742"}],"curies":[{"name":"wp","href":"https:\/\/api.w.org\/{rel}","templated":true}]}}