{"id":4745,"date":"2017-01-23T17:20:30","date_gmt":"2017-01-23T16:20:30","guid":{"rendered":"https:\/\/www.miottisrl.com\/magazzino-e-spedizioni\/"},"modified":"2017-09-13T14:23:24","modified_gmt":"2017-09-13T12:23:24","slug":"magazyn-i-wysylka","status":"publish","type":"page","link":"https:\/\/www.miottisrl.com\/pl\/magazyn-i-wysylka\/","title":{"rendered":"Magazyn i wysy\u0142ka"},"content":{"rendered":"","protected":false},"excerpt":{"rendered":"","protected":false},"author":1,"featured_media":0,"parent":0,"menu_order":0,"comment_status":"closed","ping_status":"closed","template":"","meta":{"_acf_changed":false,"footnotes":""},"acf":[],"yoast_head":"<!-- This site is optimized with the Yoast SEO plugin v24.5 - https:\/\/yoast.com\/wordpress\/plugins\/seo\/ -->\n<title>Magazyn i wysy\u0142ka | Miotti<\/title>\n<meta name=\"description\" content=\"W naszym magazynie znajduje si\u0119 szeroka gama produkt\u00f3w wysokiej jako\u015bci, gwarantuj\u0105ca Klientom natychmiastow\u0105 dyspozycyjno\u015b\u0107 komponent\u00f3w. Odkryj wi\u0119cej!\" \/>\n<meta name=\"robots\" content=\"index, follow, max-snippet:-1, max-image-preview:large, max-video-preview:-1\" \/>\n<link rel=\"canonical\" href=\"https:\/\/www.miottisrl.com\/pl\/magazyn-i-wysylka\/\" \/>\n<meta property=\"og:locale\" content=\"pl_PL\" \/>\n<meta property=\"og:type\" content=\"article\" \/>\n<meta property=\"og:title\" content=\"Magazyn i wysy\u0142ka | Miotti\" \/>\n<meta property=\"og:description\" content=\"W naszym magazynie znajduje si\u0119 szeroka gama produkt\u00f3w wysokiej jako\u015bci, gwarantuj\u0105ca Klientom natychmiastow\u0105 dyspozycyjno\u015b\u0107 komponent\u00f3w. Odkryj wi\u0119cej!\" \/>\n<meta property=\"og:url\" content=\"https:\/\/www.miottisrl.com\/pl\/magazyn-i-wysylka\/\" \/>\n<meta property=\"og:site_name\" content=\"Miotti\" \/>\n<meta property=\"article:modified_time\" content=\"2017-09-13T12:23:24+00:00\" \/>\n<meta name=\"twitter:card\" content=\"summary_large_image\" \/>\n<script type=\"application\/ld+json\" class=\"yoast-schema-graph\">{\"@context\":\"https:\/\/schema.org\",\"@graph\":[{\"@type\":\"WebPage\",\"@id\":\"https:\/\/www.miottisrl.com\/pl\/magazyn-i-wysylka\/\",\"url\":\"https:\/\/www.miottisrl.com\/pl\/magazyn-i-wysylka\/\",\"name\":\"Magazyn i wysy\u0142ka | Miotti\",\"isPartOf\":{\"@id\":\"https:\/\/www.miottisrl.com\/#website\"},\"datePublished\":\"2017-01-23T16:20:30+00:00\",\"dateModified\":\"2017-09-13T12:23:24+00:00\",\"description\":\"W naszym magazynie znajduje si\u0119 szeroka gama produkt\u00f3w wysokiej jako\u015bci, gwarantuj\u0105ca Klientom natychmiastow\u0105 dyspozycyjno\u015b\u0107 komponent\u00f3w. Odkryj wi\u0119cej!\",\"breadcrumb\":{\"@id\":\"https:\/\/www.miottisrl.com\/pl\/magazyn-i-wysylka\/#breadcrumb\"},\"inLanguage\":\"pl-PL\",\"potentialAction\":[{\"@type\":\"ReadAction\",\"target\":[\"https:\/\/www.miottisrl.com\/pl\/magazyn-i-wysylka\/\"]}]},{\"@type\":\"BreadcrumbList\",\"@id\":\"https:\/\/www.miottisrl.com\/pl\/magazyn-i-wysylka\/#breadcrumb\",\"itemListElement\":[{\"@type\":\"ListItem\",\"position\":1,\"name\":\"Home\",\"item\":\"https:\/\/www.miottisrl.com\/pl\/\"},{\"@type\":\"ListItem\",\"position\":2,\"name\":\"Magazyn i wysy\u0142ka\"}]},{\"@type\":\"WebSite\",\"@id\":\"https:\/\/www.miottisrl.com\/#website\",\"url\":\"https:\/\/www.miottisrl.com\/\",\"name\":\"Miotti\",\"description\":\"\",\"potentialAction\":[{\"@type\":\"SearchAction\",\"target\":{\"@type\":\"EntryPoint\",\"urlTemplate\":\"https:\/\/www.miottisrl.com\/?s={search_term_string}\"},\"query-input\":{\"@type\":\"PropertyValueSpecification\",\"valueRequired\":true,\"valueName\":\"search_term_string\"}}],\"inLanguage\":\"pl-PL\"}]}<\/script>\n<!-- \/ Yoast SEO plugin. -->","yoast_head_json":{"title":"Magazyn i wysy\u0142ka | Miotti","description":"W naszym magazynie znajduje si\u0119 szeroka gama produkt\u00f3w wysokiej jako\u015bci, gwarantuj\u0105ca Klientom natychmiastow\u0105 dyspozycyjno\u015b\u0107 komponent\u00f3w. Odkryj wi\u0119cej!","robots":{"index":"index","follow":"follow","max-snippet":"max-snippet:-1","max-image-preview":"max-image-preview:large","max-video-preview":"max-video-preview:-1"},"canonical":"https:\/\/www.miottisrl.com\/pl\/magazyn-i-wysylka\/","og_locale":"pl_PL","og_type":"article","og_title":"Magazyn i wysy\u0142ka | Miotti","og_description":"W naszym magazynie znajduje si\u0119 szeroka gama produkt\u00f3w wysokiej jako\u015bci, gwarantuj\u0105ca Klientom natychmiastow\u0105 dyspozycyjno\u015b\u0107 komponent\u00f3w. Odkryj wi\u0119cej!","og_url":"https:\/\/www.miottisrl.com\/pl\/magazyn-i-wysylka\/","og_site_name":"Miotti","article_modified_time":"2017-09-13T12:23:24+00:00","twitter_card":"summary_large_image","schema":{"@context":"https:\/\/schema.org","@graph":[{"@type":"WebPage","@id":"https:\/\/www.miottisrl.com\/pl\/magazyn-i-wysylka\/","url":"https:\/\/www.miottisrl.com\/pl\/magazyn-i-wysylka\/","name":"Magazyn i wysy\u0142ka | Miotti","isPartOf":{"@id":"https:\/\/www.miottisrl.com\/#website"},"datePublished":"2017-01-23T16:20:30+00:00","dateModified":"2017-09-13T12:23:24+00:00","description":"W naszym magazynie znajduje si\u0119 szeroka gama produkt\u00f3w wysokiej jako\u015bci, gwarantuj\u0105ca Klientom natychmiastow\u0105 dyspozycyjno\u015b\u0107 komponent\u00f3w. Odkryj wi\u0119cej!","breadcrumb":{"@id":"https:\/\/www.miottisrl.com\/pl\/magazyn-i-wysylka\/#breadcrumb"},"inLanguage":"pl-PL","potentialAction":[{"@type":"ReadAction","target":["https:\/\/www.miottisrl.com\/pl\/magazyn-i-wysylka\/"]}]},{"@type":"BreadcrumbList","@id":"https:\/\/www.miottisrl.com\/pl\/magazyn-i-wysylka\/#breadcrumb","itemListElement":[{"@type":"ListItem","position":1,"name":"Home","item":"https:\/\/www.miottisrl.com\/pl\/"},{"@type":"ListItem","position":2,"name":"Magazyn i wysy\u0142ka"}]},{"@type":"WebSite","@id":"https:\/\/www.miottisrl.com\/#website","url":"https:\/\/www.miottisrl.com\/","name":"Miotti","description":"","potentialAction":[{"@type":"SearchAction","target":{"@type":"EntryPoint","urlTemplate":"https:\/\/www.miottisrl.com\/?s={search_term_string}"},"query-input":{"@type":"PropertyValueSpecification","valueRequired":true,"valueName":"search_term_string"}}],"inLanguage":"pl-PL"}]}},"_links":{"self":[{"href":"https:\/\/www.miottisrl.com\/pl\/wp-json\/wp\/v2\/pages\/4745"}],"collection":[{"href":"https:\/\/www.miottisrl.com\/pl\/wp-json\/wp\/v2\/pages"}],"about":[{"href":"https:\/\/www.miottisrl.com\/pl\/wp-json\/wp\/v2\/types\/page"}],"author":[{"embeddable":true,"href":"https:\/\/www.miottisrl.com\/pl\/wp-json\/wp\/v2\/users\/1"}],"replies":[{"embeddable":true,"href":"https:\/\/www.miottisrl.com\/pl\/wp-json\/wp\/v2\/comments?post=4745"}],"version-history":[{"count":3,"href":"https:\/\/www.miottisrl.com\/pl\/wp-json\/wp\/v2\/pages\/4745\/revisions"}],"predecessor-version":[{"id":5298,"href":"https:\/\/www.miottisrl.com\/pl\/wp-json\/wp\/v2\/pages\/4745\/revisions\/5298"}],"wp:attachment":[{"href":"https:\/\/www.miottisrl.com\/pl\/wp-json\/wp\/v2\/media?parent=4745"}],"curies":[{"name":"wp","href":"https:\/\/api.w.org\/{rel}","templated":true}]}}