{"id":14887,"date":"2016-11-24T17:17:31","date_gmt":"2016-11-24T16:17:31","guid":{"rendered":"https:\/\/www.miottisrl.com\/chi-siamo\/"},"modified":"2024-05-24T10:07:21","modified_gmt":"2024-05-24T08:07:21","slug":"hakkimiza","status":"publish","type":"page","link":"https:\/\/www.miottisrl.com\/tr\/hakkimiza\/","title":{"rendered":"Hakk\u0131m\u0131za"},"content":{"rendered":"","protected":false},"excerpt":{"rendered":"","protected":false},"author":1,"featured_media":0,"parent":0,"menu_order":0,"comment_status":"closed","ping_status":"closed","template":"","meta":{"_acf_changed":false,"footnotes":""},"acf":[],"yoast_head":"<!-- This site is optimized with the Yoast SEO plugin v24.5 - https:\/\/yoast.com\/wordpress\/plugins\/seo\/ -->\n<title>Hakk\u0131m\u0131zda | Miotti<\/title>\n<meta name=\"description\" content=\"1952 y\u0131l\u0131ndan bu yana elektrikli makine end\u00fcstrisinin \u015fimdiki ve gelecekteki geli\u015fimi i\u00e7in yenilik\u00e7i \u00fcr\u00fcnler ve \u00e7\u00f6z\u00fcmler se\u00e7iyoruz. Hikayemizi okuyun!\" \/>\n<meta name=\"robots\" content=\"index, follow, max-snippet:-1, max-image-preview:large, max-video-preview:-1\" \/>\n<link rel=\"canonical\" href=\"https:\/\/www.miottisrl.com\/tr\/hakkimiza\/\" \/>\n<meta property=\"og:locale\" content=\"tr_TR\" \/>\n<meta property=\"og:type\" content=\"article\" \/>\n<meta property=\"og:title\" content=\"Hakk\u0131m\u0131zda | Miotti\" \/>\n<meta property=\"og:description\" content=\"1952 y\u0131l\u0131ndan bu yana elektrikli makine end\u00fcstrisinin \u015fimdiki ve gelecekteki geli\u015fimi i\u00e7in yenilik\u00e7i \u00fcr\u00fcnler ve \u00e7\u00f6z\u00fcmler se\u00e7iyoruz. Hikayemizi okuyun!\" \/>\n<meta property=\"og:url\" content=\"https:\/\/www.miottisrl.com\/tr\/hakkimiza\/\" \/>\n<meta property=\"og:site_name\" content=\"Miotti\" \/>\n<meta property=\"article:modified_time\" content=\"2024-05-24T08:07:21+00:00\" \/>\n<meta name=\"twitter:card\" content=\"summary_large_image\" \/>\n<script type=\"application\/ld+json\" class=\"yoast-schema-graph\">{\"@context\":\"https:\/\/schema.org\",\"@graph\":[{\"@type\":\"WebPage\",\"@id\":\"https:\/\/www.miottisrl.com\/tr\/hakkimiza\/\",\"url\":\"https:\/\/www.miottisrl.com\/tr\/hakkimiza\/\",\"name\":\"Hakk\u0131m\u0131zda | Miotti\",\"isPartOf\":{\"@id\":\"https:\/\/www.miottisrl.com\/#website\"},\"datePublished\":\"2016-11-24T16:17:31+00:00\",\"dateModified\":\"2024-05-24T08:07:21+00:00\",\"description\":\"1952 y\u0131l\u0131ndan bu yana elektrikli makine end\u00fcstrisinin \u015fimdiki ve gelecekteki geli\u015fimi i\u00e7in yenilik\u00e7i \u00fcr\u00fcnler ve \u00e7\u00f6z\u00fcmler se\u00e7iyoruz. Hikayemizi okuyun!\",\"breadcrumb\":{\"@id\":\"https:\/\/www.miottisrl.com\/tr\/hakkimiza\/#breadcrumb\"},\"inLanguage\":\"tr\",\"potentialAction\":[{\"@type\":\"ReadAction\",\"target\":[\"https:\/\/www.miottisrl.com\/tr\/hakkimiza\/\"]}]},{\"@type\":\"BreadcrumbList\",\"@id\":\"https:\/\/www.miottisrl.com\/tr\/hakkimiza\/#breadcrumb\",\"itemListElement\":[{\"@type\":\"ListItem\",\"position\":1,\"name\":\"Home\",\"item\":\"https:\/\/www.miottisrl.com\/tr\/\"},{\"@type\":\"ListItem\",\"position\":2,\"name\":\"Hakk\u0131m\u0131za\"}]},{\"@type\":\"WebSite\",\"@id\":\"https:\/\/www.miottisrl.com\/#website\",\"url\":\"https:\/\/www.miottisrl.com\/\",\"name\":\"Miotti\",\"description\":\"\",\"potentialAction\":[{\"@type\":\"SearchAction\",\"target\":{\"@type\":\"EntryPoint\",\"urlTemplate\":\"https:\/\/www.miottisrl.com\/?s={search_term_string}\"},\"query-input\":{\"@type\":\"PropertyValueSpecification\",\"valueRequired\":true,\"valueName\":\"search_term_string\"}}],\"inLanguage\":\"tr\"}]}<\/script>\n<!-- \/ Yoast SEO plugin. -->","yoast_head_json":{"title":"Hakk\u0131m\u0131zda | Miotti","description":"1952 y\u0131l\u0131ndan bu yana elektrikli makine end\u00fcstrisinin \u015fimdiki ve gelecekteki geli\u015fimi i\u00e7in yenilik\u00e7i \u00fcr\u00fcnler ve \u00e7\u00f6z\u00fcmler se\u00e7iyoruz. Hikayemizi okuyun!","robots":{"index":"index","follow":"follow","max-snippet":"max-snippet:-1","max-image-preview":"max-image-preview:large","max-video-preview":"max-video-preview:-1"},"canonical":"https:\/\/www.miottisrl.com\/tr\/hakkimiza\/","og_locale":"tr_TR","og_type":"article","og_title":"Hakk\u0131m\u0131zda | Miotti","og_description":"1952 y\u0131l\u0131ndan bu yana elektrikli makine end\u00fcstrisinin \u015fimdiki ve gelecekteki geli\u015fimi i\u00e7in yenilik\u00e7i \u00fcr\u00fcnler ve \u00e7\u00f6z\u00fcmler se\u00e7iyoruz. Hikayemizi okuyun!","og_url":"https:\/\/www.miottisrl.com\/tr\/hakkimiza\/","og_site_name":"Miotti","article_modified_time":"2024-05-24T08:07:21+00:00","twitter_card":"summary_large_image","schema":{"@context":"https:\/\/schema.org","@graph":[{"@type":"WebPage","@id":"https:\/\/www.miottisrl.com\/tr\/hakkimiza\/","url":"https:\/\/www.miottisrl.com\/tr\/hakkimiza\/","name":"Hakk\u0131m\u0131zda | Miotti","isPartOf":{"@id":"https:\/\/www.miottisrl.com\/#website"},"datePublished":"2016-11-24T16:17:31+00:00","dateModified":"2024-05-24T08:07:21+00:00","description":"1952 y\u0131l\u0131ndan bu yana elektrikli makine end\u00fcstrisinin \u015fimdiki ve gelecekteki geli\u015fimi i\u00e7in yenilik\u00e7i \u00fcr\u00fcnler ve \u00e7\u00f6z\u00fcmler se\u00e7iyoruz. Hikayemizi okuyun!","breadcrumb":{"@id":"https:\/\/www.miottisrl.com\/tr\/hakkimiza\/#breadcrumb"},"inLanguage":"tr","potentialAction":[{"@type":"ReadAction","target":["https:\/\/www.miottisrl.com\/tr\/hakkimiza\/"]}]},{"@type":"BreadcrumbList","@id":"https:\/\/www.miottisrl.com\/tr\/hakkimiza\/#breadcrumb","itemListElement":[{"@type":"ListItem","position":1,"name":"Home","item":"https:\/\/www.miottisrl.com\/tr\/"},{"@type":"ListItem","position":2,"name":"Hakk\u0131m\u0131za"}]},{"@type":"WebSite","@id":"https:\/\/www.miottisrl.com\/#website","url":"https:\/\/www.miottisrl.com\/","name":"Miotti","description":"","potentialAction":[{"@type":"SearchAction","target":{"@type":"EntryPoint","urlTemplate":"https:\/\/www.miottisrl.com\/?s={search_term_string}"},"query-input":{"@type":"PropertyValueSpecification","valueRequired":true,"valueName":"search_term_string"}}],"inLanguage":"tr"}]}},"_links":{"self":[{"href":"https:\/\/www.miottisrl.com\/tr\/wp-json\/wp\/v2\/pages\/14887"}],"collection":[{"href":"https:\/\/www.miottisrl.com\/tr\/wp-json\/wp\/v2\/pages"}],"about":[{"href":"https:\/\/www.miottisrl.com\/tr\/wp-json\/wp\/v2\/types\/page"}],"author":[{"embeddable":true,"href":"https:\/\/www.miottisrl.com\/tr\/wp-json\/wp\/v2\/users\/1"}],"replies":[{"embeddable":true,"href":"https:\/\/www.miottisrl.com\/tr\/wp-json\/wp\/v2\/comments?post=14887"}],"version-history":[{"count":3,"href":"https:\/\/www.miottisrl.com\/tr\/wp-json\/wp\/v2\/pages\/14887\/revisions"}],"predecessor-version":[{"id":15814,"href":"https:\/\/www.miottisrl.com\/tr\/wp-json\/wp\/v2\/pages\/14887\/revisions\/15814"}],"wp:attachment":[{"href":"https:\/\/www.miottisrl.com\/tr\/wp-json\/wp\/v2\/media?parent=14887"}],"curies":[{"name":"wp","href":"https:\/\/api.w.org\/{rel}","templated":true}]}}