{"id":14939,"date":"2017-01-25T17:37:17","date_gmt":"2017-01-25T16:37:17","guid":{"rendered":"https:\/\/www.miottisrl.com\/assistenza-tecnica\/"},"modified":"2024-02-02T10:54:01","modified_gmt":"2024-02-02T09:54:01","slug":"teknik-destek","status":"publish","type":"page","link":"https:\/\/www.miottisrl.com\/tr\/teknik-destek\/","title":{"rendered":"TEKN\u0130K DESTEK"},"content":{"rendered":"","protected":false},"excerpt":{"rendered":"","protected":false},"author":1,"featured_media":0,"parent":0,"menu_order":0,"comment_status":"closed","ping_status":"closed","template":"","meta":{"_acf_changed":false,"footnotes":""},"acf":[],"yoast_head":"<!-- This site is optimized with the Yoast SEO plugin v24.5 - https:\/\/yoast.com\/wordpress\/plugins\/seo\/ -->\n<title>Teknik Destek | Miotti<\/title>\n<meta name=\"description\" content=\"Miotti, sat\u0131\u015f sonras\u0131 s\u00fcre\u00e7te de \u00fcst\u00fcn yetkinli\u011fi ve g\u00f6sterdi\u011fi \u00f6zenle \u00f6ne \u00e7\u0131k\u0131yor. Hizmetlerimizi ke\u015ffedin!\" \/>\n<meta name=\"robots\" content=\"index, follow, max-snippet:-1, max-image-preview:large, max-video-preview:-1\" \/>\n<link rel=\"canonical\" href=\"https:\/\/www.miottisrl.com\/tr\/teknik-destek\/\" \/>\n<meta property=\"og:locale\" content=\"tr_TR\" \/>\n<meta property=\"og:type\" content=\"article\" \/>\n<meta property=\"og:title\" content=\"Teknik Destek | Miotti\" \/>\n<meta property=\"og:description\" content=\"Miotti, sat\u0131\u015f sonras\u0131 s\u00fcre\u00e7te de \u00fcst\u00fcn yetkinli\u011fi ve g\u00f6sterdi\u011fi \u00f6zenle \u00f6ne \u00e7\u0131k\u0131yor. Hizmetlerimizi ke\u015ffedin!\" \/>\n<meta property=\"og:url\" content=\"https:\/\/www.miottisrl.com\/tr\/teknik-destek\/\" \/>\n<meta property=\"og:site_name\" content=\"Miotti\" \/>\n<meta property=\"article:modified_time\" content=\"2024-02-02T09:54:01+00:00\" \/>\n<meta name=\"twitter:card\" content=\"summary_large_image\" \/>\n<script type=\"application\/ld+json\" class=\"yoast-schema-graph\">{\"@context\":\"https:\/\/schema.org\",\"@graph\":[{\"@type\":\"WebPage\",\"@id\":\"https:\/\/www.miottisrl.com\/tr\/teknik-destek\/\",\"url\":\"https:\/\/www.miottisrl.com\/tr\/teknik-destek\/\",\"name\":\"Teknik Destek | Miotti\",\"isPartOf\":{\"@id\":\"https:\/\/www.miottisrl.com\/#website\"},\"datePublished\":\"2017-01-25T16:37:17+00:00\",\"dateModified\":\"2024-02-02T09:54:01+00:00\",\"description\":\"Miotti, sat\u0131\u015f sonras\u0131 s\u00fcre\u00e7te de \u00fcst\u00fcn yetkinli\u011fi ve g\u00f6sterdi\u011fi \u00f6zenle \u00f6ne \u00e7\u0131k\u0131yor. Hizmetlerimizi ke\u015ffedin!\",\"breadcrumb\":{\"@id\":\"https:\/\/www.miottisrl.com\/tr\/teknik-destek\/#breadcrumb\"},\"inLanguage\":\"tr\",\"potentialAction\":[{\"@type\":\"ReadAction\",\"target\":[\"https:\/\/www.miottisrl.com\/tr\/teknik-destek\/\"]}]},{\"@type\":\"BreadcrumbList\",\"@id\":\"https:\/\/www.miottisrl.com\/tr\/teknik-destek\/#breadcrumb\",\"itemListElement\":[{\"@type\":\"ListItem\",\"position\":1,\"name\":\"Home\",\"item\":\"https:\/\/www.miottisrl.com\/tr\/\"},{\"@type\":\"ListItem\",\"position\":2,\"name\":\"TEKN\u0130K DESTEK\"}]},{\"@type\":\"WebSite\",\"@id\":\"https:\/\/www.miottisrl.com\/#website\",\"url\":\"https:\/\/www.miottisrl.com\/\",\"name\":\"Miotti\",\"description\":\"\",\"potentialAction\":[{\"@type\":\"SearchAction\",\"target\":{\"@type\":\"EntryPoint\",\"urlTemplate\":\"https:\/\/www.miottisrl.com\/?s={search_term_string}\"},\"query-input\":{\"@type\":\"PropertyValueSpecification\",\"valueRequired\":true,\"valueName\":\"search_term_string\"}}],\"inLanguage\":\"tr\"}]}<\/script>\n<!-- \/ Yoast SEO plugin. -->","yoast_head_json":{"title":"Teknik Destek | Miotti","description":"Miotti, sat\u0131\u015f sonras\u0131 s\u00fcre\u00e7te de \u00fcst\u00fcn yetkinli\u011fi ve g\u00f6sterdi\u011fi \u00f6zenle \u00f6ne \u00e7\u0131k\u0131yor. Hizmetlerimizi ke\u015ffedin!","robots":{"index":"index","follow":"follow","max-snippet":"max-snippet:-1","max-image-preview":"max-image-preview:large","max-video-preview":"max-video-preview:-1"},"canonical":"https:\/\/www.miottisrl.com\/tr\/teknik-destek\/","og_locale":"tr_TR","og_type":"article","og_title":"Teknik Destek | Miotti","og_description":"Miotti, sat\u0131\u015f sonras\u0131 s\u00fcre\u00e7te de \u00fcst\u00fcn yetkinli\u011fi ve g\u00f6sterdi\u011fi \u00f6zenle \u00f6ne \u00e7\u0131k\u0131yor. Hizmetlerimizi ke\u015ffedin!","og_url":"https:\/\/www.miottisrl.com\/tr\/teknik-destek\/","og_site_name":"Miotti","article_modified_time":"2024-02-02T09:54:01+00:00","twitter_card":"summary_large_image","schema":{"@context":"https:\/\/schema.org","@graph":[{"@type":"WebPage","@id":"https:\/\/www.miottisrl.com\/tr\/teknik-destek\/","url":"https:\/\/www.miottisrl.com\/tr\/teknik-destek\/","name":"Teknik Destek | Miotti","isPartOf":{"@id":"https:\/\/www.miottisrl.com\/#website"},"datePublished":"2017-01-25T16:37:17+00:00","dateModified":"2024-02-02T09:54:01+00:00","description":"Miotti, sat\u0131\u015f sonras\u0131 s\u00fcre\u00e7te de \u00fcst\u00fcn yetkinli\u011fi ve g\u00f6sterdi\u011fi \u00f6zenle \u00f6ne \u00e7\u0131k\u0131yor. Hizmetlerimizi ke\u015ffedin!","breadcrumb":{"@id":"https:\/\/www.miottisrl.com\/tr\/teknik-destek\/#breadcrumb"},"inLanguage":"tr","potentialAction":[{"@type":"ReadAction","target":["https:\/\/www.miottisrl.com\/tr\/teknik-destek\/"]}]},{"@type":"BreadcrumbList","@id":"https:\/\/www.miottisrl.com\/tr\/teknik-destek\/#breadcrumb","itemListElement":[{"@type":"ListItem","position":1,"name":"Home","item":"https:\/\/www.miottisrl.com\/tr\/"},{"@type":"ListItem","position":2,"name":"TEKN\u0130K DESTEK"}]},{"@type":"WebSite","@id":"https:\/\/www.miottisrl.com\/#website","url":"https:\/\/www.miottisrl.com\/","name":"Miotti","description":"","potentialAction":[{"@type":"SearchAction","target":{"@type":"EntryPoint","urlTemplate":"https:\/\/www.miottisrl.com\/?s={search_term_string}"},"query-input":{"@type":"PropertyValueSpecification","valueRequired":true,"valueName":"search_term_string"}}],"inLanguage":"tr"}]}},"_links":{"self":[{"href":"https:\/\/www.miottisrl.com\/tr\/wp-json\/wp\/v2\/pages\/14939"}],"collection":[{"href":"https:\/\/www.miottisrl.com\/tr\/wp-json\/wp\/v2\/pages"}],"about":[{"href":"https:\/\/www.miottisrl.com\/tr\/wp-json\/wp\/v2\/types\/page"}],"author":[{"embeddable":true,"href":"https:\/\/www.miottisrl.com\/tr\/wp-json\/wp\/v2\/users\/1"}],"replies":[{"embeddable":true,"href":"https:\/\/www.miottisrl.com\/tr\/wp-json\/wp\/v2\/comments?post=14939"}],"version-history":[{"count":3,"href":"https:\/\/www.miottisrl.com\/tr\/wp-json\/wp\/v2\/pages\/14939\/revisions"}],"predecessor-version":[{"id":14945,"href":"https:\/\/www.miottisrl.com\/tr\/wp-json\/wp\/v2\/pages\/14939\/revisions\/14945"}],"wp:attachment":[{"href":"https:\/\/www.miottisrl.com\/tr\/wp-json\/wp\/v2\/media?parent=14939"}],"curies":[{"name":"wp","href":"https:\/\/api.w.org\/{rel}","templated":true}]}}