{"id":15024,"date":"2016-04-13T14:21:10","date_gmt":"2016-04-13T12:21:10","guid":{"rendered":"https:\/\/www.miottisrl.com\/contatti\/"},"modified":"2024-02-07T11:49:52","modified_gmt":"2024-02-07T10:49:52","slug":"iletisim","status":"publish","type":"page","link":"https:\/\/www.miottisrl.com\/tr\/iletisim\/","title":{"rendered":"\u0130LET\u0130\u015e\u0130M"},"content":{"rendered":"","protected":false},"excerpt":{"rendered":"","protected":false},"author":1,"featured_media":0,"parent":0,"menu_order":0,"comment_status":"closed","ping_status":"closed","template":"template-contatti.php","meta":{"_acf_changed":false,"footnotes":""},"acf":[],"yoast_head":"<!-- This site is optimized with the Yoast SEO plugin v24.5 - https:\/\/yoast.com\/wordpress\/plugins\/seo\/ -->\n<title>\u0130leti\u015fim | Miotti<\/title>\n<meta name=\"description\" content=\"Herhangi bir sorunuz veya endi\u015feniz olursa l\u00fctfen bizimle ileti\u015fime ge\u00e7in ve ihtiya\u00e7lar\u0131n\u0131z i\u00e7in en iyi \u00e7\u00f6z\u00fcm\u00fc birlikte bulal\u0131m!\" \/>\n<meta name=\"robots\" content=\"index, follow, max-snippet:-1, max-image-preview:large, max-video-preview:-1\" \/>\n<link rel=\"canonical\" href=\"https:\/\/www.miottisrl.com\/tr\/iletisim\/\" \/>\n<meta property=\"og:locale\" content=\"tr_TR\" \/>\n<meta property=\"og:type\" content=\"article\" \/>\n<meta property=\"og:title\" content=\"\u0130leti\u015fim | Miotti\" \/>\n<meta property=\"og:description\" content=\"Herhangi bir sorunuz veya endi\u015feniz olursa l\u00fctfen bizimle ileti\u015fime ge\u00e7in ve ihtiya\u00e7lar\u0131n\u0131z i\u00e7in en iyi \u00e7\u00f6z\u00fcm\u00fc birlikte bulal\u0131m!\" \/>\n<meta property=\"og:url\" content=\"https:\/\/www.miottisrl.com\/tr\/iletisim\/\" \/>\n<meta property=\"og:site_name\" content=\"Miotti\" \/>\n<meta property=\"article:modified_time\" content=\"2024-02-07T10:49:52+00:00\" \/>\n<meta name=\"twitter:card\" content=\"summary_large_image\" \/>\n<script type=\"application\/ld+json\" class=\"yoast-schema-graph\">{\"@context\":\"https:\/\/schema.org\",\"@graph\":[{\"@type\":\"WebPage\",\"@id\":\"https:\/\/www.miottisrl.com\/tr\/iletisim\/\",\"url\":\"https:\/\/www.miottisrl.com\/tr\/iletisim\/\",\"name\":\"\u0130leti\u015fim | Miotti\",\"isPartOf\":{\"@id\":\"https:\/\/www.miottisrl.com\/#website\"},\"datePublished\":\"2016-04-13T12:21:10+00:00\",\"dateModified\":\"2024-02-07T10:49:52+00:00\",\"description\":\"Herhangi bir sorunuz veya endi\u015feniz olursa l\u00fctfen bizimle ileti\u015fime ge\u00e7in ve ihtiya\u00e7lar\u0131n\u0131z i\u00e7in en iyi \u00e7\u00f6z\u00fcm\u00fc birlikte bulal\u0131m!\",\"breadcrumb\":{\"@id\":\"https:\/\/www.miottisrl.com\/tr\/iletisim\/#breadcrumb\"},\"inLanguage\":\"tr\",\"potentialAction\":[{\"@type\":\"ReadAction\",\"target\":[\"https:\/\/www.miottisrl.com\/tr\/iletisim\/\"]}]},{\"@type\":\"BreadcrumbList\",\"@id\":\"https:\/\/www.miottisrl.com\/tr\/iletisim\/#breadcrumb\",\"itemListElement\":[{\"@type\":\"ListItem\",\"position\":1,\"name\":\"Home\",\"item\":\"https:\/\/www.miottisrl.com\/tr\/\"},{\"@type\":\"ListItem\",\"position\":2,\"name\":\"\u0130LET\u0130\u015e\u0130M\"}]},{\"@type\":\"WebSite\",\"@id\":\"https:\/\/www.miottisrl.com\/#website\",\"url\":\"https:\/\/www.miottisrl.com\/\",\"name\":\"Miotti\",\"description\":\"\",\"potentialAction\":[{\"@type\":\"SearchAction\",\"target\":{\"@type\":\"EntryPoint\",\"urlTemplate\":\"https:\/\/www.miottisrl.com\/?s={search_term_string}\"},\"query-input\":{\"@type\":\"PropertyValueSpecification\",\"valueRequired\":true,\"valueName\":\"search_term_string\"}}],\"inLanguage\":\"tr\"}]}<\/script>\n<!-- \/ Yoast SEO plugin. -->","yoast_head_json":{"title":"\u0130leti\u015fim | Miotti","description":"Herhangi bir sorunuz veya endi\u015feniz olursa l\u00fctfen bizimle ileti\u015fime ge\u00e7in ve ihtiya\u00e7lar\u0131n\u0131z i\u00e7in en iyi \u00e7\u00f6z\u00fcm\u00fc birlikte bulal\u0131m!","robots":{"index":"index","follow":"follow","max-snippet":"max-snippet:-1","max-image-preview":"max-image-preview:large","max-video-preview":"max-video-preview:-1"},"canonical":"https:\/\/www.miottisrl.com\/tr\/iletisim\/","og_locale":"tr_TR","og_type":"article","og_title":"\u0130leti\u015fim | Miotti","og_description":"Herhangi bir sorunuz veya endi\u015feniz olursa l\u00fctfen bizimle ileti\u015fime ge\u00e7in ve ihtiya\u00e7lar\u0131n\u0131z i\u00e7in en iyi \u00e7\u00f6z\u00fcm\u00fc birlikte bulal\u0131m!","og_url":"https:\/\/www.miottisrl.com\/tr\/iletisim\/","og_site_name":"Miotti","article_modified_time":"2024-02-07T10:49:52+00:00","twitter_card":"summary_large_image","schema":{"@context":"https:\/\/schema.org","@graph":[{"@type":"WebPage","@id":"https:\/\/www.miottisrl.com\/tr\/iletisim\/","url":"https:\/\/www.miottisrl.com\/tr\/iletisim\/","name":"\u0130leti\u015fim | Miotti","isPartOf":{"@id":"https:\/\/www.miottisrl.com\/#website"},"datePublished":"2016-04-13T12:21:10+00:00","dateModified":"2024-02-07T10:49:52+00:00","description":"Herhangi bir sorunuz veya endi\u015feniz olursa l\u00fctfen bizimle ileti\u015fime ge\u00e7in ve ihtiya\u00e7lar\u0131n\u0131z i\u00e7in en iyi \u00e7\u00f6z\u00fcm\u00fc birlikte bulal\u0131m!","breadcrumb":{"@id":"https:\/\/www.miottisrl.com\/tr\/iletisim\/#breadcrumb"},"inLanguage":"tr","potentialAction":[{"@type":"ReadAction","target":["https:\/\/www.miottisrl.com\/tr\/iletisim\/"]}]},{"@type":"BreadcrumbList","@id":"https:\/\/www.miottisrl.com\/tr\/iletisim\/#breadcrumb","itemListElement":[{"@type":"ListItem","position":1,"name":"Home","item":"https:\/\/www.miottisrl.com\/tr\/"},{"@type":"ListItem","position":2,"name":"\u0130LET\u0130\u015e\u0130M"}]},{"@type":"WebSite","@id":"https:\/\/www.miottisrl.com\/#website","url":"https:\/\/www.miottisrl.com\/","name":"Miotti","description":"","potentialAction":[{"@type":"SearchAction","target":{"@type":"EntryPoint","urlTemplate":"https:\/\/www.miottisrl.com\/?s={search_term_string}"},"query-input":{"@type":"PropertyValueSpecification","valueRequired":true,"valueName":"search_term_string"}}],"inLanguage":"tr"}]}},"_links":{"self":[{"href":"https:\/\/www.miottisrl.com\/tr\/wp-json\/wp\/v2\/pages\/15024"}],"collection":[{"href":"https:\/\/www.miottisrl.com\/tr\/wp-json\/wp\/v2\/pages"}],"about":[{"href":"https:\/\/www.miottisrl.com\/tr\/wp-json\/wp\/v2\/types\/page"}],"author":[{"embeddable":true,"href":"https:\/\/www.miottisrl.com\/tr\/wp-json\/wp\/v2\/users\/1"}],"replies":[{"embeddable":true,"href":"https:\/\/www.miottisrl.com\/tr\/wp-json\/wp\/v2\/comments?post=15024"}],"version-history":[{"count":2,"href":"https:\/\/www.miottisrl.com\/tr\/wp-json\/wp\/v2\/pages\/15024\/revisions"}],"predecessor-version":[{"id":15028,"href":"https:\/\/www.miottisrl.com\/tr\/wp-json\/wp\/v2\/pages\/15024\/revisions\/15028"}],"wp:attachment":[{"href":"https:\/\/www.miottisrl.com\/tr\/wp-json\/wp\/v2\/media?parent=15024"}],"curies":[{"name":"wp","href":"https:\/\/api.w.org\/{rel}","templated":true}]}}