{"id":15286,"date":"2016-04-20T09:55:40","date_gmt":"2016-04-20T07:55:40","guid":{"rendered":"https:\/\/www.miottisrl.com\/credits\/"},"modified":"2024-04-15T16:01:02","modified_gmt":"2024-04-15T14:01:02","slug":"credits","status":"publish","type":"page","link":"https:\/\/www.miottisrl.com\/tr\/credits\/","title":{"rendered":"Katk\u0131da bulunanlar"},"content":{"rendered":"","protected":false},"excerpt":{"rendered":"","protected":false},"author":1,"featured_media":0,"parent":0,"menu_order":0,"comment_status":"closed","ping_status":"closed","template":"","meta":{"_acf_changed":false,"footnotes":""},"acf":[],"yoast_head":"<!-- This site is optimized with the Yoast SEO plugin v24.5 - https:\/\/yoast.com\/wordpress\/plugins\/seo\/ -->\n<title>Katk\u0131da bulunanlar | Miotti<\/title>\n<meta name=\"description\" content=\"Sinfonia Lab bir \u0130leti\u015fim, web ve dijital pazarlama ajans\u0131d\u0131r.\" \/>\n<meta name=\"robots\" content=\"index, follow, max-snippet:-1, max-image-preview:large, max-video-preview:-1\" \/>\n<link rel=\"canonical\" href=\"https:\/\/www.miottisrl.com\/tr\/credits\/\" \/>\n<meta property=\"og:locale\" content=\"tr_TR\" \/>\n<meta property=\"og:type\" content=\"article\" \/>\n<meta property=\"og:title\" content=\"Katk\u0131da bulunanlar | Miotti\" \/>\n<meta property=\"og:description\" content=\"Sinfonia Lab bir \u0130leti\u015fim, web ve dijital pazarlama ajans\u0131d\u0131r.\" \/>\n<meta property=\"og:url\" content=\"https:\/\/www.miottisrl.com\/tr\/credits\/\" \/>\n<meta property=\"og:site_name\" content=\"Miotti\" \/>\n<meta property=\"article:modified_time\" content=\"2024-04-15T14:01:02+00:00\" \/>\n<meta name=\"twitter:card\" content=\"summary_large_image\" \/>\n<script type=\"application\/ld+json\" class=\"yoast-schema-graph\">{\"@context\":\"https:\/\/schema.org\",\"@graph\":[{\"@type\":\"WebPage\",\"@id\":\"https:\/\/www.miottisrl.com\/tr\/credits\/\",\"url\":\"https:\/\/www.miottisrl.com\/tr\/credits\/\",\"name\":\"Katk\u0131da bulunanlar | Miotti\",\"isPartOf\":{\"@id\":\"https:\/\/www.miottisrl.com\/#website\"},\"datePublished\":\"2016-04-20T07:55:40+00:00\",\"dateModified\":\"2024-04-15T14:01:02+00:00\",\"description\":\"Sinfonia Lab bir \u0130leti\u015fim, web ve dijital pazarlama ajans\u0131d\u0131r.\",\"breadcrumb\":{\"@id\":\"https:\/\/www.miottisrl.com\/tr\/credits\/#breadcrumb\"},\"inLanguage\":\"tr\",\"potentialAction\":[{\"@type\":\"ReadAction\",\"target\":[\"https:\/\/www.miottisrl.com\/tr\/credits\/\"]}]},{\"@type\":\"BreadcrumbList\",\"@id\":\"https:\/\/www.miottisrl.com\/tr\/credits\/#breadcrumb\",\"itemListElement\":[{\"@type\":\"ListItem\",\"position\":1,\"name\":\"Home\",\"item\":\"https:\/\/www.miottisrl.com\/tr\/\"},{\"@type\":\"ListItem\",\"position\":2,\"name\":\"Katk\u0131da bulunanlar\"}]},{\"@type\":\"WebSite\",\"@id\":\"https:\/\/www.miottisrl.com\/#website\",\"url\":\"https:\/\/www.miottisrl.com\/\",\"name\":\"Miotti\",\"description\":\"\",\"potentialAction\":[{\"@type\":\"SearchAction\",\"target\":{\"@type\":\"EntryPoint\",\"urlTemplate\":\"https:\/\/www.miottisrl.com\/?s={search_term_string}\"},\"query-input\":{\"@type\":\"PropertyValueSpecification\",\"valueRequired\":true,\"valueName\":\"search_term_string\"}}],\"inLanguage\":\"tr\"}]}<\/script>\n<!-- \/ Yoast SEO plugin. -->","yoast_head_json":{"title":"Katk\u0131da bulunanlar | Miotti","description":"Sinfonia Lab bir \u0130leti\u015fim, web ve dijital pazarlama ajans\u0131d\u0131r.","robots":{"index":"index","follow":"follow","max-snippet":"max-snippet:-1","max-image-preview":"max-image-preview:large","max-video-preview":"max-video-preview:-1"},"canonical":"https:\/\/www.miottisrl.com\/tr\/credits\/","og_locale":"tr_TR","og_type":"article","og_title":"Katk\u0131da bulunanlar | Miotti","og_description":"Sinfonia Lab bir \u0130leti\u015fim, web ve dijital pazarlama ajans\u0131d\u0131r.","og_url":"https:\/\/www.miottisrl.com\/tr\/credits\/","og_site_name":"Miotti","article_modified_time":"2024-04-15T14:01:02+00:00","twitter_card":"summary_large_image","schema":{"@context":"https:\/\/schema.org","@graph":[{"@type":"WebPage","@id":"https:\/\/www.miottisrl.com\/tr\/credits\/","url":"https:\/\/www.miottisrl.com\/tr\/credits\/","name":"Katk\u0131da bulunanlar | Miotti","isPartOf":{"@id":"https:\/\/www.miottisrl.com\/#website"},"datePublished":"2016-04-20T07:55:40+00:00","dateModified":"2024-04-15T14:01:02+00:00","description":"Sinfonia Lab bir \u0130leti\u015fim, web ve dijital pazarlama ajans\u0131d\u0131r.","breadcrumb":{"@id":"https:\/\/www.miottisrl.com\/tr\/credits\/#breadcrumb"},"inLanguage":"tr","potentialAction":[{"@type":"ReadAction","target":["https:\/\/www.miottisrl.com\/tr\/credits\/"]}]},{"@type":"BreadcrumbList","@id":"https:\/\/www.miottisrl.com\/tr\/credits\/#breadcrumb","itemListElement":[{"@type":"ListItem","position":1,"name":"Home","item":"https:\/\/www.miottisrl.com\/tr\/"},{"@type":"ListItem","position":2,"name":"Katk\u0131da bulunanlar"}]},{"@type":"WebSite","@id":"https:\/\/www.miottisrl.com\/#website","url":"https:\/\/www.miottisrl.com\/","name":"Miotti","description":"","potentialAction":[{"@type":"SearchAction","target":{"@type":"EntryPoint","urlTemplate":"https:\/\/www.miottisrl.com\/?s={search_term_string}"},"query-input":{"@type":"PropertyValueSpecification","valueRequired":true,"valueName":"search_term_string"}}],"inLanguage":"tr"}]}},"_links":{"self":[{"href":"https:\/\/www.miottisrl.com\/tr\/wp-json\/wp\/v2\/pages\/15286"}],"collection":[{"href":"https:\/\/www.miottisrl.com\/tr\/wp-json\/wp\/v2\/pages"}],"about":[{"href":"https:\/\/www.miottisrl.com\/tr\/wp-json\/wp\/v2\/types\/page"}],"author":[{"embeddable":true,"href":"https:\/\/www.miottisrl.com\/tr\/wp-json\/wp\/v2\/users\/1"}],"replies":[{"embeddable":true,"href":"https:\/\/www.miottisrl.com\/tr\/wp-json\/wp\/v2\/comments?post=15286"}],"version-history":[{"count":4,"href":"https:\/\/www.miottisrl.com\/tr\/wp-json\/wp\/v2\/pages\/15286\/revisions"}],"predecessor-version":[{"id":15291,"href":"https:\/\/www.miottisrl.com\/tr\/wp-json\/wp\/v2\/pages\/15286\/revisions\/15291"}],"wp:attachment":[{"href":"https:\/\/www.miottisrl.com\/tr\/wp-json\/wp\/v2\/media?parent=15286"}],"curies":[{"name":"wp","href":"https:\/\/api.w.org\/{rel}","templated":true}]}}